{"id":31098,"date":"2021-10-16T02:39:59","date_gmt":"2021-10-16T02:39:59","guid":{"rendered":"https:\/\/pcml.org.br\/?page_id=31098"},"modified":"2021-10-17T23:14:35","modified_gmt":"2021-10-17T23:14:35","slug":"uma-visao-do-congresso-de-refundacao-do-pcml","status":"publish","type":"page","link":"https:\/\/pcml.org.br\/?page_id=31098","title":{"rendered":"Uma vis\u00e3o do Congresso de Refunda\u00e7\u00e3o do PCML"},"content":{"rendered":"<p>[et_pb_section fb_built=&#8221;1&#8243; fullwidth=&#8221;on&#8221; admin_label=&#8221;Header Section&#8221; _builder_version=&#8221;4.5.3&#8243; background_color=&#8221;#000000&#8243; custom_padding=&#8221;|||&#8221; hover_enabled=&#8221;0&#8243; global_colors_info=&#8221;{}&#8221; sticky_enabled=&#8221;0&#8243;][et_pb_fullwidth_header title=&#8221;Uma vis\u00e3o do Congresso de Refunda\u00e7\u00e3o do PCML&#8221; subhead=&#8221;Regina Celi F. da Cruz&#8221; text_orientation=&#8221;center&#8221; header_fullscreen=&#8221;on&#8221; header_scroll_down=&#8221;on&#8221; scroll_down_icon=&#8221;%%2%%&#8221; scroll_down_icon_color=&#8221;#ffffff&#8221; background_overlay_color=&#8221;rgba(0,0,0,0.4)&#8221; content_max_width_last_edited=&#8221;off|desktop&#8221; admin_label=&#8221;Contents&#8221; _builder_version=&#8221;4.11.2&#8243; title_font=&#8221;Oswald|||on|&#8221; title_text_align=&#8221;center&#8221; title_font_size=&#8221;80px&#8221; title_letter_spacing=&#8221;0.05em&#8221; title_line_height=&#8221;1.5em&#8221; subhead_font=&#8221;Nunito|600|||||||&#8221; subhead_font_size=&#8221;20px&#8221; subhead_line_height=&#8221;1.9em&#8221; background_color=&#8221;rgba(255, 255, 255, 0)&#8221; background_image=&#8221;https:\/\/pcml.org.br\/wp-content\/uploads\/2021\/10\/messacongresso.jpg&#8221; custom_button_one=&#8221;on&#8221; button_one_text_size=&#8221;15px&#8221; button_one_bg_color=&#8221;#dca57d&#8221; button_one_border_width=&#8221;10px&#8221; button_one_border_color=&#8221;#dca57d&#8221; button_one_border_radius=&#8221;0px&#8221; button_one_letter_spacing=&#8221;3px&#8221; button_one_font=&#8221;Oswald|||on|&#8221; button_one_use_icon=&#8221;off&#8221; animation_style=&#8221;fade&#8221; animation_starting_opacity=&#8221;50%&#8221; animation_speed_curve=&#8221;ease-in&#8221; hover_enabled=&#8221;0&#8243; title_font_size_tablet=&#8221;60px&#8221; title_font_size_phone=&#8221;35px&#8221; title_font_size_last_edited=&#8221;on|tablet&#8221; button_one_border_color_hover=&#8221;#c99872&#8243; button_one_border_radius_hover=&#8221;0px&#8221; button_one_letter_spacing_hover=&#8221;3px&#8221; button_one_bg_color_hover=&#8221;#c99872&#8243; global_colors_info=&#8221;{}&#8221; button_one_text_size__hover_enabled=&#8221;off&#8221; button_two_text_size__hover_enabled=&#8221;off&#8221; button_one_text_color__hover_enabled=&#8221;off&#8221; button_two_text_color__hover_enabled=&#8221;off&#8221; button_one_border_width__hover_enabled=&#8221;off&#8221; button_two_border_width__hover_enabled=&#8221;off&#8221; button_one_border_color__hover_enabled=&#8221;on&#8221; button_one_border_color__hover=&#8221;#c99872&#8243; button_two_border_color__hover_enabled=&#8221;off&#8221; button_one_border_radius__hover_enabled=&#8221;on&#8221; button_one_border_radius__hover=&#8221;0px&#8221; button_two_border_radius__hover_enabled=&#8221;off&#8221; button_one_letter_spacing__hover_enabled=&#8221;on&#8221; button_one_letter_spacing__hover=&#8221;3px&#8221; button_two_letter_spacing__hover_enabled=&#8221;off&#8221; button_one_bg_color__hover_enabled=&#8221;on&#8221; button_one_bg_color__hover=&#8221;#c99872&#8243; button_two_bg_color__hover_enabled=&#8221;off&#8221; sticky_enabled=&#8221;0&#8243; background_last_edited=&#8221;on|phone&#8221; background_size_phone=&#8221;contain&#8221; title_last_edited=&#8221;on|phone&#8221; title_phone=&#8221;Uma vis\u00e3o do Congresso de Refunda\u00e7\u00e3o&#8221; custom_margin=&#8221;||||false|false&#8221; custom_margin_last_edited=&#8221;on|phone&#8221; custom_margin_phone=&#8221;-100px||||false|false&#8221; custom_padding=&#8221;0px||||false|false&#8221; background_position_phone=&#8221;bottom_center&#8221;]<\/p>\n<p>&nbsp;<\/p>\n<p>&nbsp;<\/p>\n<p>[\/et_pb_fullwidth_header][\/et_pb_section][et_pb_section fb_built=&#8221;1&#8243; admin_label=&#8221;Coffee Menu&#8221; _builder_version=&#8221;4.5.3&#8243; background_enable_image=&#8221;off&#8221; custom_padding=&#8221;100px||100px|&#8221; global_colors_info=&#8221;{}&#8221;][et_pb_row _builder_version=&#8221;4.5.3&#8243; _module_preset=&#8221;default&#8221; global_colors_info=&#8221;{}&#8221;][et_pb_column type=&#8221;4_4&#8243; _builder_version=&#8221;4.5.3&#8243; _module_preset=&#8221;default&#8221; global_colors_info=&#8221;{}&#8221;][et_pb_text _builder_version=&#8221;4.5.3&#8243; _module_preset=&#8221;default&#8221; global_colors_info=&#8221;{}&#8221;]<\/p>\n<p>Ocorreram v\u00e1rias interven\u00e7\u00f5es no sentido da atualiza\u00e7\u00e3o das teses. Foram aprovadas emendas supressivas e inclus\u00f5es que ser\u00e3o trabalhadas por uma comiss\u00e3o de reda\u00e7\u00e3o e incorporadas \u00e0s teses.<\/p>\n<p>Algumas pol\u00eamicas tomaram corpo no Congresso durante o debate das teses. Entre elas, a que mais se destacou no in\u00edcio dos trabalhos foi a que discutiu a incorre\u00e7\u00e3o da estrat\u00e9gia do Partido Comunista que levou grupos ao amadorismo e improviso na luta armada. Alguns congressistas entendiam que estava-se denegrindo a imagem destes her\u00f3icos companheiros. Outros tinham o entendimento de que esta a\u00e7\u00e3o fora fruto da estrat\u00e9gia incorreta do Partido Comunista que estava sendo analisada. No entanto, para se estabelecer melhor entendimento foi aprovada uma emenda aditiva &#8220;apesar do hero\u00edsmo e idealismo moral dos grupos que se passaram \u00e0 luta armada&#8221;, o improviso e amadorismo&#8230;<\/p>\n<p>Outro momento de discuss\u00f5es acaloradas foi quando a tese analisa a crise do Movimento Comunista Internacional, e posterior ao XX Congresso do PCUS (em 1956), no ponto onde se levantam as den\u00fancias sobre os erros de Josef St\u00e1lin&#8230;<\/p>\n<p>Uma posi\u00e7\u00e3o se expressou no sentido de que o texto estava exprimindo valor e julgando a a\u00e7\u00e3o de St\u00e1lin. Outra posi\u00e7\u00e3o se colocou no sentido de que a tese fazia um levantamento hist\u00f3rico da manifesta\u00e7\u00e3o da crise do MCI. O Congresso decidiu-se por uma emenda inclusiva da palavra &#8220;supostos&#8221; antes da palavra &#8220;erros&#8221;.<\/p>\n<p>Outra pol\u00eamica se instaurou em torno de St\u00e1lin, quando as teses levantam as incorre\u00e7\u00f5es das an\u00e1lises sobre a desestrutura\u00e7\u00e3o da URSS que superficialmente atribuem-se a um \u00fanico fator.<\/p>\n<p>Uma posi\u00e7\u00e3o novamente se levantou no sentido de que se valorava o papel de St\u00e1lin. No entanto, o Congresso entendeu que se analisavam as diversas teses sobre a desestrutura\u00e7\u00e3o e n\u00e3o se emitia valor, logo o texto foi mantido.<br \/>Outra pol\u00eamica levantada foi em torno da an\u00e1lise das teses sobre a crise do Movimento Comunista no Brasil e fundamenta\u00e7\u00e3o desta. Mais precisamente no ponto onde se destaca que a crise se manifestou na degeneresc\u00eancia te\u00f3rica e pr\u00e1tica dos agrupamentos que comp\u00f5em o MCB. Houve a proposta de supress\u00e3o do trecho que listava e relacionava os agrupamentos dentro da an\u00e1lise de degeneresc\u00eancia te\u00f3rica e pr\u00e1tica. Uma posi\u00e7\u00e3o se colocou no sentido de que a comprova\u00e7\u00e3o era dif\u00edcil, quanto ao maior ou menor grau de degeneresc\u00eancia te\u00f3rico ou pr\u00e1tico. Outra posi\u00e7\u00e3o se levantou de que todo o tempo de estudo, bibliografia, an\u00e1lise e inser\u00e7\u00e3o no movimento abalizavam a an\u00e1lise, logo defendia a manuten\u00e7\u00e3o. O Congresso em sua maioria votou pela manuten\u00e7\u00e3o do texto. E alguns companheiros ex-integrantes destes movimentos concordaram com a an\u00e1lise.<\/p>\n<p>Um outro momento pol\u00eamico, que mereceu destaque, foi quando em continuidade de an\u00e1lise da crise do MCB (Movimento Comunista Brasileiro), as teses levantam o chauvinismo que se refletia nas pr\u00e1ticas de partidos como o PC do B e dos agrupamentos que se juntaram dentro do PT (que pretendiam transform\u00e1-lo em menos de 15 anos em um partido revolucion\u00e1rio). Quanto \u00e0 express\u00e3o &#8220;da velha corrente chauvinista&#8221;, uma posi\u00e7\u00e3o defendia que esta parte do texto fosse suprimida, pois entendia que este era um documento que dever\u00e1 ter ampla circula\u00e7\u00e3o e que o texto com esta terminologia ofensiva, dificultaria o relacionamento entre os nossos camaradas e os membros destes partidos. Outra posi\u00e7\u00e3o defendeu que n\u00e3o havia nada de ofensivo, pois o que estava havendo era um erro de interpreta\u00e7\u00e3o da terminologia. A express\u00e3o chauvinista se refere \u00e0 velha corrente social-democrata que desde o s\u00e9culo passado muda de pele pregando a concilia\u00e7\u00e3o de classes. Deste modo, a an\u00e1lise contida nas teses era respaldada pelos materiais e pronunciamentos destes partidos. O Congresso em sua maioria votou na manuten\u00e7\u00e3o do texto.<\/p>\n<p>Uma \u00faltima pol\u00eamica que se instalou no \u00faltimo dia do Congresso foi em cima da quest\u00e3o dos Estatutos.<\/p>\n<p>Uma proposta de estatuto veio nas pastas dos congressistas e outra proposta foi distribu\u00edda na plen\u00e1ria. A mesa do Congresso definiu que a proposta que estava na pasta deveria ser utilizada como guia. Por desinforma\u00e7\u00e3o, um membro da Comiss\u00e3o de Organiza\u00e7\u00e3o sentiu-se golpeado com a outra proposta de estatuto. Foi esclarecido que regimentalmente as duas deveriam ter sido apresentadas no plen\u00e1rio, pois nenhuma havia sido apresentada \u00e0 comiss\u00e3o de organiza\u00e7\u00e3o no prazo previsto. Dado o in\u00edcio da discuss\u00e3o dos estatutos, voltaram as pol\u00eamicas em torno da proposta apresentada no plen\u00e1rio, que se propunha como emenda. N\u00e3o havendo acordo entre os que assumiram as propostas de estatutos, foram ent\u00e3o apresentadas ao plen\u00e1rio como propostas diferentes.<\/p>\n<p>A principal pol\u00eamica que se manifestou neste ponto, foi a quest\u00e3o dos dois centros, que j\u00e1 fora objeto de discuss\u00e3o na I Confer\u00eancia, respondida pelo Movimento 5 de Julho atrav\u00e9s da publica\u00e7\u00e3o do Enigma da Esfinge.<\/p>\n<p>A defesa da proposta 1 foi no sentido de que esta era uma melhor proposta; pois n\u00e3o via-se a necessidade dos dois centros; de que a proposta 2 era uma c\u00f3pia mec\u00e2nica dos estatutos de L\u00eanin; de que os tempos s\u00e3o de democracia e abertura.<\/p>\n<p>A proposta 2 recebeu a defesa no sentido de que al\u00e9m do resgate hist\u00f3rico da refunda\u00e7\u00e3o, a proposta de estatuto continha a quest\u00e3o dos dois centros, da forma\u00e7\u00e3o de quadros na divis\u00e3o do trabalho e de que o PCML se constitui num movimento contr\u00e1rio \u00e0 Ordem Burguesa (ataca a propriedade privada) e que vivemos uma falsa democracia.<\/p>\n<p>O Congresso votou, em sua maioria, na proposta de n\u00famero 2.<\/p>\n<p>[\/et_pb_text][\/et_pb_column][\/et_pb_row][\/et_pb_section][et_pb_section fb_built=&#8221;1&#8243; admin_label=&#8221;Video Title Section&#8221; _builder_version=&#8221;4.5.3&#8243; background_color=&#8221;#E02B20&#8243; custom_padding=&#8221;120px|0px|60px|0px&#8221; saved_tabs=&#8221;all&#8221; global_colors_info=&#8221;{}&#8221;][\/et_pb_section]<\/p>\n","protected":false},"excerpt":{"rendered":"<p>&nbsp; &nbsp;Ocorreram v\u00e1rias interven\u00e7\u00f5es no sentido da atualiza\u00e7\u00e3o das teses. Foram aprovadas emendas supressivas e inclus\u00f5es que ser\u00e3o trabalhadas por uma comiss\u00e3o de reda\u00e7\u00e3o e incorporadas \u00e0s teses. Algumas pol\u00eamicas tomaram corpo no Congresso durante o debate das teses. Entre elas, a que mais se destacou no in\u00edcio dos trabalhos foi a que discutiu a [&hellip;]<\/p>\n","protected":false},"author":1,"featured_media":0,"parent":0,"menu_order":0,"comment_status":"closed","ping_status":"closed","template":"","meta":{"_et_pb_use_builder":"on","_et_pb_old_content":"","_et_gb_content_width":"","footnotes":""},"class_list":["post-31098","page","type-page","status-publish","hentry"],"_links":{"self":[{"href":"https:\/\/pcml.org.br\/index.php?rest_route=\/wp\/v2\/pages\/31098","targetHints":{"allow":["GET"]}}],"collection":[{"href":"https:\/\/pcml.org.br\/index.php?rest_route=\/wp\/v2\/pages"}],"about":[{"href":"https:\/\/pcml.org.br\/index.php?rest_route=\/wp\/v2\/types\/page"}],"author":[{"embeddable":true,"href":"https:\/\/pcml.org.br\/index.php?rest_route=\/wp\/v2\/users\/1"}],"replies":[{"embeddable":true,"href":"https:\/\/pcml.org.br\/index.php?rest_route=%2Fwp%2Fv2%2Fcomments&post=31098"}],"version-history":[{"count":7,"href":"https:\/\/pcml.org.br\/index.php?rest_route=\/wp\/v2\/pages\/31098\/revisions"}],"predecessor-version":[{"id":31276,"href":"https:\/\/pcml.org.br\/index.php?rest_route=\/wp\/v2\/pages\/31098\/revisions\/31276"}],"wp:attachment":[{"href":"https:\/\/pcml.org.br\/index.php?rest_route=%2Fwp%2Fv2%2Fmedia&parent=31098"}],"curies":[{"name":"wp","href":"https:\/\/api.w.org\/{rel}","templated":true}]}}