{"id":31250,"date":"2021-10-16T14:47:32","date_gmt":"2021-10-16T14:47:32","guid":{"rendered":"https:\/\/pcml.org.br\/?page_id=31250"},"modified":"2021-10-20T18:48:22","modified_gmt":"2021-10-20T18:48:22","slug":"3a-conferencia","status":"publish","type":"page","link":"https:\/\/pcml.org.br\/?page_id=31250","title":{"rendered":"3\u00aa Confer\u00eancia (2006)"},"content":{"rendered":"\n[et_pb_section fb_built=&#8221;1&#8243; fullwidth=&#8221;on&#8221; admin_label=&#8221;Header Section&#8221; _builder_version=&#8221;4.5.3&#8243; background_color=&#8221;#000000&#8243; custom_padding=&#8221;|||&#8221; global_colors_info=&#8221;{}&#8221;][et_pb_fullwidth_header title=&#8221;3\u00aa Confer\u00eancia do PCML&#8221; subhead=&#8221;mar\u00e7o de 2006&#8243; text_orientation=&#8221;center&#8221; header_fullscreen=&#8221;on&#8221; header_scroll_down=&#8221;on&#8221; scroll_down_icon=&#8221;%%2%%&#8221; scroll_down_icon_color=&#8221;#ffffff&#8221; background_overlay_color=&#8221;rgba(0,0,0,0.4)&#8221; content_max_width_last_edited=&#8221;off|desktop&#8221; admin_label=&#8221;Contents&#8221; _builder_version=&#8221;4.11.2&#8243; title_font=&#8221;Oswald|||on|&#8221; title_text_align=&#8221;center&#8221; title_font_size=&#8221;80px&#8221; title_letter_spacing=&#8221;0.05em&#8221; title_line_height=&#8221;1.5em&#8221; subhead_font=&#8221;Nunito|600|||||||&#8221; subhead_font_size=&#8221;20px&#8221; subhead_line_height=&#8221;1.9em&#8221; background_color=&#8221;#E02B20&#8243; parallax=&#8221;on&#8221; parallax_method=&#8221;on&#8221; custom_button_one=&#8221;on&#8221; button_one_text_size=&#8221;15px&#8221; button_one_bg_color=&#8221;#dca57d&#8221; button_one_border_width=&#8221;10px&#8221; button_one_border_color=&#8221;#dca57d&#8221; button_one_border_radius=&#8221;0px&#8221; button_one_letter_spacing=&#8221;3px&#8221; button_one_font=&#8221;Oswald|||on|&#8221; button_one_use_icon=&#8221;off&#8221; animation_style=&#8221;fade&#8221; animation_starting_opacity=&#8221;50%&#8221; animation_speed_curve=&#8221;ease-in&#8221; hover_enabled=&#8221;0&#8243; title_font_size_tablet=&#8221;60px&#8221; title_font_size_phone=&#8221;40px&#8221; title_font_size_last_edited=&#8221;on|tablet&#8221; button_one_border_color_hover=&#8221;#c99872&#8243; button_one_border_radius_hover=&#8221;0px&#8221; button_one_letter_spacing_hover=&#8221;3px&#8221; button_one_bg_color_hover=&#8221;#c99872&#8243; global_colors_info=&#8221;{}&#8221; button_one_text_size__hover_enabled=&#8221;off&#8221; button_two_text_size__hover_enabled=&#8221;off&#8221; button_one_text_color__hover_enabled=&#8221;off&#8221; button_two_text_color__hover_enabled=&#8221;off&#8221; button_one_border_width__hover_enabled=&#8221;off&#8221; button_two_border_width__hover_enabled=&#8221;off&#8221; button_one_border_color__hover_enabled=&#8221;on&#8221; button_one_border_color__hover=&#8221;#c99872&#8243; button_two_border_color__hover_enabled=&#8221;off&#8221; button_one_border_radius__hover_enabled=&#8221;on&#8221; button_one_border_radius__hover=&#8221;0px&#8221; button_two_border_radius__hover_enabled=&#8221;off&#8221; button_one_letter_spacing__hover_enabled=&#8221;on&#8221; button_one_letter_spacing__hover=&#8221;3px&#8221; button_two_letter_spacing__hover_enabled=&#8221;off&#8221; button_one_bg_color__hover_enabled=&#8221;on&#8221; button_one_bg_color__hover=&#8221;#c99872&#8243; button_two_bg_color__hover_enabled=&#8221;off&#8221; sticky_enabled=&#8221;0&#8243; background_enable_image=&#8221;off&#8221;][\/et_pb_fullwidth_header][\/et_pb_section][et_pb_section fb_built=&#8221;1&#8243; admin_label=&#8221;Coffee Menu&#8221; _builder_version=&#8221;4.5.3&#8243; background_enable_image=&#8221;off&#8221; custom_padding=&#8221;100px||100px|&#8221; global_colors_info=&#8221;{}&#8221;][et_pb_row admin_label=&#8221;Section Header&#8221; _builder_version=&#8221;3.25&#8243; module_alignment=&#8221;center&#8221; custom_margin=&#8221;|414px||auto||&#8221; custom_padding=&#8221;40px|0px|40px|0px&#8221; global_colors_info=&#8221;{}&#8221;][et_pb_column type=&#8221;4_4&#8243; _builder_version=&#8221;3.25&#8243; custom_padding=&#8221;|||&#8221; global_colors_info=&#8221;{}&#8221; custom_padding__hover=&#8221;|||&#8221;][et_pb_text admin_label=&#8221;Tittle&#8221; _builder_version=&#8221;4.11.2&#8243; text_font=&#8221;Nunito||||||||&#8221; text_line_height=&#8221;1.8em&#8221; header_font=&#8221;||||||||&#8221; header_2_font=&#8221;Oswald|||on|||||&#8221; header_2_text_align=&#8221;center&#8221; header_2_font_size=&#8221;40px&#8221; header_2_letter_spacing=&#8221;1px&#8221; header_2_line_height=&#8221;1.5em&#8221; header_3_font=&#8221;||||||||&#8221; max_width=&#8221;600px&#8221; max_width_last_edited=&#8221;off|desktop&#8221; module_alignment=&#8221;center&#8221; custom_margin=&#8221;|||&#8221; hover_enabled=&#8221;0&#8243; global_colors_info=&#8221;{}&#8221; sticky_enabled=&#8221;0&#8243;]<h1 class=\"documentFirstHeading\">A Conjuntura Nacional e as Resolu\u00e7\u00f5es Pol\u00edticas da III Confer\u00eancia do PCML<\/h1>[\/et_pb_text][\/et_pb_column][\/et_pb_row][et_pb_row admin_label=&#8221;Coffee items&#8221; _builder_version=&#8221;3.25&#8243; custom_margin=&#8221;|||&#8221; custom_padding=&#8221;60px|0px|60px|0px&#8221; global_colors_info=&#8221;{}&#8221;][et_pb_column type=&#8221;4_4&#8243; _builder_version=&#8221;3.25&#8243; custom_padding=&#8221;|||&#8221; global_colors_info=&#8221;{}&#8221; custom_padding__hover=&#8221;|||&#8221;][et_pb_text _builder_version=&#8221;4.11.2&#8243; _module_preset=&#8221;default&#8221; hover_enabled=&#8221;0&#8243; global_colors_info=&#8221;{}&#8221; sticky_enabled=&#8221;0&#8243;]<p>Assistimos nas \u00faltimas semanas os desdobramentos da crise pol\u00edtica do governo Lula. A queda espetacular do gestor do principal pilar de sustenta\u00e7\u00e3o do mesmo, o ministro da Fazenda Ant\u00f4nio Palocci, hoje indiciado na Pol\u00edcia Federal por prevarica\u00e7\u00e3o (abuso de poder e viola\u00e7\u00e3o do sigilo banc\u00e1rio e pesando outras tantas suspeitas de corrup\u00e7\u00e3o durante sua administra\u00e7\u00e3o, como prefeito, da cidade de Ribeir\u00e3o Preto, em S\u00e3o Paulo).<br \/>Este epis\u00f3dio mostra claramente que a rea\u00e7\u00e3o esbo\u00e7ada pelo governo Lula, atrav\u00e9s de medidas econ\u00f4micas, visando impactar a opini\u00e3o popular, como o pacote habitacional, a opera\u00e7\u00e3o tapa-buraco (recupera\u00e7\u00e3o de vias p\u00fablicas), o pacote para agricultura, aumento do sal\u00e1rio m\u00ednimo; n\u00e3o foi capaz de atenuar a resist\u00eancia e campanha pelo desmonte da imagem do governo, j\u00e1 seriamente comprometida para o embate eleitoral que se avizinha.<\/p>\n<p>Ao contr\u00e1rio, a queda de Palocci indica um poss\u00edvel desdobramento tr\u00e1gico ao projeto de Lula e do PT de continuar no comando pol\u00edtico do pa\u00eds, bem como a for\u00e7a dos setores das velhas (PFL) e novas (PSDB) oligarquias, aliados direta ou indiretamente aos desafetos do governo e do PT, nesta luta por se manter \u00e0 frente da administra\u00e7\u00e3o da crise do capital no pa\u00eds, sob os paradigmas econ\u00f4micos neoliberais.<\/p>\n<p>\u00c9 tamb\u00e9m poss\u00edvel observar neste epis\u00f3dio um fato ainda mais assustador, pois a principal figura que emerge das hostes deste setor das novas oligarquias burguesas (PSDB) para se colocar como alternativa a Lula, na Presid\u00eancia da Rep\u00fablica, \u00e9 o sr. Alckmin (ex-governador de S\u00e3o Paulo), cujo hist\u00f3rico de prevarica\u00e7\u00e3o na administra\u00e7\u00e3o p\u00fablica tem um rabo t\u00e3o comprido, que mal definido como candidato oficial do seu partido \u00e0s elei\u00e7\u00f5es, veio \u00e0 tona as den\u00fancias de desvio de verbas p\u00fablicas na compra de revistas e outros meios de comunica\u00e7\u00e3o para campanha, o que se pode inferir outras tantas tram\u00f3ias que est\u00e3o por explodir, como, por exemplo, o esc\u00e2ndalo da privatiza\u00e7\u00e3o da Eletropaulo.<\/p>\n<p>Mas, n\u00e3o \u00e9 apenas isso, sua postura \u00e0 frente do governo beirou ao fascismo, seu tratamento aos problemas sociais no estado se resumiu a armar a Pol\u00edcia at\u00e9 os dentes, enquanto o desemprego continua assustador, as favelas incendiadas, a viol\u00eancia batendo a porta dos flats e edif\u00edcios onde reside a \u201cclasse m\u00e9dia\u201d, as rebeli\u00f5es nos pres\u00eddios e dos meninos nas FEBEM s\u00e3o cada vez mais incontrol\u00e1veis, as chacinas se sucedem uma atr\u00e1s de outra, enchentes insuport\u00e1veis.<\/p>\n<p>Enfim, n\u00e3o h\u00e1 nada em seu governo que possa indicar alguma coisa de bom para a classe oper\u00e1ria e povo pobre do pa\u00eds, qui\u00e7\u00e1 a grande burguesia. E, justamente uma figura inexpressiva e repulsiva como esta se beneficia do governo corrupto de Lula, se acobertando no mando da crise e na incapacidade da esquerda institucional constituir uma alternativa unit\u00e1ria, para galgar espa\u00e7o e amea\u00e7ar todo um pa\u00eds ao retrocesso.<br \/>O lan\u00e7amento da candidatura da senadora Helo\u00edsa Helena pelo PSOL, na carona da queda do ministro da Fazenda de Lula, n\u00e3o rendeu pouco mais que alguns segundos na m\u00eddia nazi-fascista da burguesia.<\/p>\n<p>Al\u00e9m disso, e como j\u00e1 era previsto, a partir de agora n\u00e3o ter\u00e1 mais o mesmo espa\u00e7o que teve durante a CPMI dos Correios para desancar o governo Lula, o papel que representou neste per\u00edodo dentro das t\u00e1ticas das oligarquias, aparentemente, j\u00e1 se consumou, portanto, mesmo diante de uma nova rea\u00e7\u00e3o por parte do governo que jogue o sr. Alckmin na lama, n\u00e3o haver\u00e1 mais espa\u00e7o.<\/p>\n<p>Por outro lado, o assanhamento do sr. Garotinho, a novamente disputar a presid\u00eancia pelo PMDB, foi abortado com uma canetada do STE ao manter a legisla\u00e7\u00e3o eleitoral e voto verticalizado, sem a possibilidade de alian\u00e7as regionais dos partidos que contrariem a alian\u00e7a eleitoral nacional, sua candidatura ficar\u00e1 entregue \u00e0s for\u00e7as dentro do PMDB que lhe ap\u00f3iam, seria uma esp\u00e9cie de candidatura para negocia\u00e7\u00e3o a exemplo do que ocorreu com Ulisses Guimar\u00e3es, pois como se sabe, o PMDB \u00e9 farinha do mesmo saco do PFL, n\u00e3o sabe viver longe do governo federal, e quantos forem os diferentes grupos da burguesia que se alternem no governo, iguais grupos existir\u00e3o dentro deste partido para uma boa negocia\u00e7\u00e3o, tomem como exemplo: Itamar, Collor; Michel Temer, FHC; Sarney, Lula; e assim por diante.<br \/>Quanto ao setor que dominou o antigo Partido Comunista Brasileiro e o transformou em PPS, n\u00e3o passa hoje de um partido de neg\u00f3cio; o PDT j\u00e1 n\u00e3o tem mais alma, a morte de Brizola fez com que os setores mais conseq\u00fcentes se tornassem \u00ednfima minoria e o partido se transformou em mais um partido de legenda. Assim, n\u00e3o h\u00e1 o que esperar deste processo, e a classe oper\u00e1ria e o povo, como se pode concluir, est\u00e1 entregue.<\/p>\n<p>Diante deste quadro, a III Confer\u00eancia do Partido Comunista Marxista-Leninista, reafirmou em todas as linhas sua posi\u00e7\u00e3o de que somente com uma Revolu\u00e7\u00e3o Comunista \u00e9 poss\u00edvel livrar o povo da explora\u00e7\u00e3o e opress\u00e3o das oligarquias burguesas e do imperialismo em nosso pa\u00eds e por fim ao seu sofrimento.<br \/>Que os fatos recentes da conjuntura reafirmam com toda a for\u00e7a a an\u00e1lise que desenvolveu no documento \u201cCarta ao Povo Brasileiro\u201d (publicada no Jornal Inverta n\u00ba 393 e republicada, recentemente, na Revista Ci\u00eancia e Luta de Classes do CEPPES). Pois nele est\u00e1 claramente a id\u00e9ia do primeiro passo a ser dado pela classe oper\u00e1ria e o povo pobre do pa\u00eds para avan\u00e7ar no sentido desta revolu\u00e7\u00e3o necess\u00e1ria: a forma\u00e7\u00e3o de uma ampla frente antineoliberal, a partir da constitui\u00e7\u00e3o de Comit\u00eas de Luta Contra o Neoliberalismo, em todas as cidades e setores sociais, como bases de a\u00e7\u00e3o e organiza\u00e7\u00e3o, cuja express\u00e3o m\u00e1xima ser\u00e1 a constitui\u00e7\u00e3o do Congresso Nacional de Luta Contra o Neoliberalismo, como institui\u00e7\u00e3o de poder do povo revolucion\u00e1rio em alternativa \u00e0 corrupta e falida institui\u00e7\u00e3o burguesa.<\/p>\n<p>Este documento, al\u00e9m de indicar a forma de organiza\u00e7\u00e3o e objetivos da Frente Antineoliberal, tamb\u00e9m indica uma proposta de programa m\u00ednimo e de emerg\u00eancia para ser executado pela Frente em favor do povo e do pa\u00eds, tais como a institui\u00e7\u00e3o de um governo revolucion\u00e1rio de car\u00e1ter popular e democr\u00e1tico, medidas emergenciais contra a fome, o desemprego, a falta de moradia, inspirado no Programa de Emerg\u00eancia de Lu\u00eds Carlos Prestes (Her\u00f3i do povo brasileiro).<br \/>Neste sentido, o PCML no processo eleitoral apoiar\u00e1 as candidaturas dos setores mais radicais, na medida do compromisso destes setores radicais com a Frente Antineoliberal, em oposi\u00e7\u00e3o \u00e0s oligarquias fora e dentro do atual governo.<\/p>\n<p>A Confer\u00eancia, ainda diante do quadro pol\u00edtico nacional e internacional, em especial a divis\u00e3o e crise vivida pelos comunistas, tamb\u00e9m reafirmou a an\u00e1lise contida no documento \u201cPlataforma Comunista\u201d, que indica um caminho de unidade dos comunistas marxistas-leninistas, no sentido da Refunda\u00e7\u00e3o do Partido Comunista em nosso pa\u00eds, sobre os princ\u00edpios leninistas de organiza\u00e7\u00e3o, a partir de pontos de unidade, organiza\u00e7\u00e3o e luta no campo nacional e internacional, sendo a base de atua\u00e7\u00e3o conjunta no Brasil a constitui\u00e7\u00e3o da Frente Anti-neoliberal (constitui\u00e7\u00e3o dos Comit\u00eas e Congresso Nacional de Luta Contra o Neoliberalismo), as Brigadas de Solidariedade Internacional em apoio \u00e0 Revolu\u00e7\u00e3o Cubana e Bolivariana na Venezuela e \u00e0s for\u00e7as revolucion\u00e1rias em luta no Continente, como EZLN no M\u00e9xico e as FARC-EP na Col\u00f4mbia, entre outros.<br \/>Como forma fundamental em termos da luta ideol\u00f3gica e a\u00e7\u00e3o cultural em termos de solidariedade e trabalho a favor da unidade e integra\u00e7\u00e3o da Am\u00e9rica Latina, a Confer\u00eancia apoiou a proposta de constitui\u00e7\u00e3o da Casa das Am\u00e9ricas do Brasil, inspirada na Casa das Am\u00e9ricas existente em Cuba, buscando parcerias e experi\u00eancia desta grande iniciativa.<br \/>Portanto, diante da conjuntura, o PCML aponta como eixo fundamental a luta pela unidade do povo brasileiro contra o neoliberalismo e por um governo revolucion\u00e1rio popular e democr\u00e1tico e a luta pela unidade dos comunistas no Brasil e internacionalmente, em especial na Am\u00e9rica Latina.<\/p>\n<p>Cabe ent\u00e3o, a partir de agora, a a\u00e7\u00e3o contundente de todos os revolucion\u00e1rios, amigos e simpatizantes de nossa causa, bem como as for\u00e7as pol\u00edticas revolucion\u00e1rias no Brasil, avan\u00e7armos para as conquistas destes objetivos t\u00e3o necess\u00e1rios ao povo brasileiro e \u00e0 humanidade progressista em geral.<\/p>\n<h3><\/h3>\n<h3><\/h3>\n<h3>Abaixo o capitalismo e viva o Comunismo!<\/h3>\n<h3>Abaixo o governo das oligarquias no Brasil!<\/h3>\n<h3>Viva a Revolu\u00e7\u00e3o Socialista Cubana e a Revolu\u00e7\u00e3o Bolivariana na Venezuela!<\/h3>\n<h3>Viva a todos os povos em luta contra o capital!<\/h3>\n<h3>Nossos votos de total \u00eaxito ao VIII Congresso do Partido Comunista dos Povos da Espanha!<\/h3>[\/et_pb_text][\/et_pb_column][\/et_pb_row][\/et_pb_section][et_pb_section fb_built=&#8221;1&#8243; admin_label=&#8221;Video Title Section&#8221; _builder_version=&#8221;4.10.6&#8243; background_color=&#8221;#d40000&#8243; custom_padding=&#8221;120px|0px|60px|0px&#8221; saved_tabs=&#8221;all&#8221; global_colors_info=&#8221;{}&#8221;][\/et_pb_section]\n","protected":false},"excerpt":{"rendered":"<p>A Conjuntura Nacional e as Resolu\u00e7\u00f5es Pol\u00edticas da III Confer\u00eancia do PCMLAssistimos nas \u00faltimas semanas os desdobramentos da crise pol\u00edtica do governo Lula. A queda espetacular do gestor do principal pilar de sustenta\u00e7\u00e3o do mesmo, o ministro da Fazenda Ant\u00f4nio Palocci, hoje indiciado na Pol\u00edcia Federal por prevarica\u00e7\u00e3o (abuso de poder e viola\u00e7\u00e3o do sigilo [&hellip;]<\/p>\n","protected":false},"author":1,"featured_media":0,"parent":0,"menu_order":0,"comment_status":"closed","ping_status":"closed","template":"","meta":{"_et_pb_use_builder":"on","_et_pb_old_content":"","_et_gb_content_width":"","footnotes":""},"class_list":["post-31250","page","type-page","status-publish","hentry"],"_links":{"self":[{"href":"https:\/\/pcml.org.br\/index.php?rest_route=\/wp\/v2\/pages\/31250","targetHints":{"allow":["GET"]}}],"collection":[{"href":"https:\/\/pcml.org.br\/index.php?rest_route=\/wp\/v2\/pages"}],"about":[{"href":"https:\/\/pcml.org.br\/index.php?rest_route=\/wp\/v2\/types\/page"}],"author":[{"embeddable":true,"href":"https:\/\/pcml.org.br\/index.php?rest_route=\/wp\/v2\/users\/1"}],"replies":[{"embeddable":true,"href":"https:\/\/pcml.org.br\/index.php?rest_route=%2Fwp%2Fv2%2Fcomments&post=31250"}],"version-history":[{"count":4,"href":"https:\/\/pcml.org.br\/index.php?rest_route=\/wp\/v2\/pages\/31250\/revisions"}],"predecessor-version":[{"id":31316,"href":"https:\/\/pcml.org.br\/index.php?rest_route=\/wp\/v2\/pages\/31250\/revisions\/31316"}],"wp:attachment":[{"href":"https:\/\/pcml.org.br\/index.php?rest_route=%2Fwp%2Fv2%2Fmedia&parent=31250"}],"curies":[{"name":"wp","href":"https:\/\/api.w.org\/{rel}","templated":true}]}}