{"id":31302,"date":"2021-10-20T18:44:35","date_gmt":"2021-10-20T18:44:35","guid":{"rendered":"https:\/\/pcml.org.br\/?page_id=31302"},"modified":"2021-10-20T18:49:15","modified_gmt":"2021-10-20T18:49:15","slug":"conferencia","status":"publish","type":"page","link":"https:\/\/pcml.org.br\/?page_id=31302","title":{"rendered":"Confer\u00eancia do PCML (2014)"},"content":{"rendered":"\n\n[et_pb_section fb_built=&#8221;1&#8243; fullwidth=&#8221;on&#8221; admin_label=&#8221;Header Section&#8221; _builder_version=&#8221;4.5.3&#8243; background_color=&#8221;#000000&#8243; custom_padding=&#8221;|||&#8221; global_colors_info=&#8221;{}&#8221;][et_pb_fullwidth_header title=&#8221;Confer\u00eancia do PCML&#8221; subhead=&#8221;26, 27 e 28 de setembro de 2014&#8243; text_orientation=&#8221;center&#8221; header_fullscreen=&#8221;on&#8221; header_scroll_down=&#8221;on&#8221; scroll_down_icon=&#8221;%%2%%&#8221; scroll_down_icon_color=&#8221;#ffffff&#8221; background_overlay_color=&#8221;rgba(0,0,0,0.4)&#8221; content_max_width_last_edited=&#8221;off|desktop&#8221; admin_label=&#8221;Contents&#8221; _builder_version=&#8221;4.11.2&#8243; title_font=&#8221;Oswald|||on|&#8221; title_text_align=&#8221;center&#8221; title_font_size=&#8221;80px&#8221; title_letter_spacing=&#8221;0.05em&#8221; title_line_height=&#8221;1.5em&#8221; subhead_font=&#8221;Nunito|600|||||||&#8221; subhead_font_size=&#8221;20px&#8221; subhead_line_height=&#8221;1.9em&#8221; background_color=&#8221;rgba(255, 255, 255, 0)&#8221; background_image=&#8221;https:\/\/pcml.org.br\/wp-content\/uploads\/2021\/10\/seminario-inverta_23anos-3.jpg&#8221; parallax=&#8221;on&#8221; parallax_method=&#8221;on&#8221; custom_button_one=&#8221;on&#8221; button_one_text_size=&#8221;15px&#8221; button_one_bg_color=&#8221;#dca57d&#8221; button_one_border_width=&#8221;10px&#8221; button_one_border_color=&#8221;#dca57d&#8221; button_one_border_radius=&#8221;0px&#8221; button_one_letter_spacing=&#8221;3px&#8221; button_one_font=&#8221;Oswald|||on|&#8221; button_one_use_icon=&#8221;off&#8221; custom_margin_tablet=&#8221;&#8221; custom_margin_phone=&#8221;-150px||||false|false&#8221; custom_margin_last_edited=&#8221;on|phone&#8221; animation_style=&#8221;fade&#8221; animation_starting_opacity=&#8221;50%&#8221; animation_speed_curve=&#8221;ease-in&#8221; hover_enabled=&#8221;0&#8243; title_font_size_tablet=&#8221;60px&#8221; title_font_size_phone=&#8221;30px&#8221; title_font_size_last_edited=&#8221;on|tablet&#8221; background_last_edited=&#8221;on|phone&#8221; parallax_phone=&#8221;off&#8221; background_size_phone=&#8221;contain&#8221; background_position_phone=&#8221;bottom_center&#8221; button_one_border_color_hover=&#8221;#c99872&#8243; button_one_border_radius_hover=&#8221;0px&#8221; button_one_letter_spacing_hover=&#8221;3px&#8221; button_one_bg_color_hover=&#8221;#c99872&#8243; global_colors_info=&#8221;{}&#8221; button_one_text_size__hover_enabled=&#8221;off&#8221; button_two_text_size__hover_enabled=&#8221;off&#8221; button_one_text_color__hover_enabled=&#8221;off&#8221; button_two_text_color__hover_enabled=&#8221;off&#8221; button_one_border_width__hover_enabled=&#8221;off&#8221; button_two_border_width__hover_enabled=&#8221;off&#8221; button_one_border_color__hover_enabled=&#8221;on&#8221; button_one_border_color__hover=&#8221;#c99872&#8243; button_two_border_color__hover_enabled=&#8221;off&#8221; button_one_border_radius__hover_enabled=&#8221;on&#8221; button_one_border_radius__hover=&#8221;0px&#8221; button_two_border_radius__hover_enabled=&#8221;off&#8221; button_one_letter_spacing__hover_enabled=&#8221;on&#8221; button_one_letter_spacing__hover=&#8221;3px&#8221; button_two_letter_spacing__hover_enabled=&#8221;off&#8221; button_one_bg_color__hover_enabled=&#8221;on&#8221; button_one_bg_color__hover=&#8221;#c99872&#8243; button_two_bg_color__hover_enabled=&#8221;off&#8221; title_text=&#8221;semin\u00e1rio inverta_23anos-3&#8243; sticky_enabled=&#8221;0&#8243;][\/et_pb_fullwidth_header][\/et_pb_section][et_pb_section fb_built=&#8221;1&#8243; admin_label=&#8221;Coffee Menu&#8221; _builder_version=&#8221;4.5.3&#8243; background_enable_image=&#8221;off&#8221; custom_padding=&#8221;100px||100px|&#8221; global_colors_info=&#8221;{}&#8221;][et_pb_row admin_label=&#8221;Section Header&#8221; _builder_version=&#8221;3.25&#8243; module_alignment=&#8221;center&#8221; custom_margin=&#8221;|414px||auto||&#8221; custom_padding=&#8221;40px|0px|40px|0px&#8221; global_colors_info=&#8221;{}&#8221;][et_pb_column type=&#8221;4_4&#8243; _builder_version=&#8221;3.25&#8243; custom_padding=&#8221;|||&#8221; global_colors_info=&#8221;{}&#8221; custom_padding__hover=&#8221;|||&#8221;][et_pb_text admin_label=&#8221;Tittle&#8221; _builder_version=&#8221;4.10.6&#8243; text_font=&#8221;Nunito||||||||&#8221; text_line_height=&#8221;1.8em&#8221; header_font=&#8221;||||||||&#8221; header_2_font=&#8221;Oswald|||on|||||&#8221; header_2_text_align=&#8221;center&#8221; header_2_font_size=&#8221;40px&#8221; header_2_letter_spacing=&#8221;1px&#8221; header_2_line_height=&#8221;1.5em&#8221; header_3_font=&#8221;||||||||&#8221; max_width=&#8221;600px&#8221; max_width_last_edited=&#8221;off|desktop&#8221; module_alignment=&#8221;center&#8221; custom_margin=&#8221;|||&#8221; global_colors_info=&#8221;{}&#8221;]<h2>O Partido Comunista Marxista Leninista (PCML-Br) realizou confer\u00eancia nacional nos dias 26, 27 e 28 de setembro de 2014, no estado do Rio de Janeiro<\/h2>[\/et_pb_text][\/et_pb_column][\/et_pb_row][et_pb_row column_structure=&#8221;1_3,1_3,1_3&#8243; admin_label=&#8221;Coffee items&#8221; _builder_version=&#8221;3.25&#8243; custom_margin=&#8221;|||&#8221; custom_padding=&#8221;60px|0px|60px|0px&#8221; global_colors_info=&#8221;{}&#8221;][et_pb_column type=&#8221;1_3&#8243; _builder_version=&#8221;3.25&#8243; custom_padding=&#8221;|||&#8221; global_colors_info=&#8221;{}&#8221; custom_padding__hover=&#8221;|||&#8221;][\/et_pb_column][et_pb_column type=&#8221;1_3&#8243; _builder_version=&#8221;3.25&#8243; custom_padding=&#8221;|||&#8221; global_colors_info=&#8221;{}&#8221; custom_padding__hover=&#8221;|||&#8221;][et_pb_blurb title=&#8221;Adquira as  as Teses Sobre a Situa\u00e7\u00e3o Pol\u00edtica Nacional e Internacional&#8221; url=&#8221;https:\/\/cooperativa.inverta.org\/loja\/brochuras\/teses-sobre-a-situacao-politica-nacional-e-internacional\/&#8221; url_new_window=&#8221;on&#8221; image=&#8221;https:\/\/pcml.org.br\/wp-content\/uploads\/2021\/10\/TesesSituacao.jpg&#8221; image_max_width=&#8221;280px&#8221; admin_label=&#8221;coffee Item&#8221; _builder_version=&#8221;4.11.2&#8243; _dynamic_attributes=&#8221;url&#8221; header_font=&#8221;Oswald|||on|&#8221; header_text_align=&#8221;center&#8221; header_font_size=&#8221;20px&#8221; header_letter_spacing=&#8221;1px&#8221; header_line_height=&#8221;1.7em&#8221; body_font=&#8221;Nunito||||&#8221; body_text_align=&#8221;center&#8221; body_font_size=&#8221;18px&#8221; body_line_height=&#8221;1.8em&#8221; text_orientation=&#8221;center&#8221; animation=&#8221;right&#8221; hover_enabled=&#8221;0&#8243; global_colors_info=&#8221;{}&#8221; title_text=&#8221;TesesSituacao&#8221; sticky_enabled=&#8221;0&#8243;][\/et_pb_blurb][\/et_pb_column][et_pb_column type=&#8221;1_3&#8243; _builder_version=&#8221;3.25&#8243; custom_padding=&#8221;|||&#8221; global_colors_info=&#8221;{}&#8221; custom_padding__hover=&#8221;|||&#8221;][\/et_pb_column][\/et_pb_row][et_pb_row _builder_version=&#8221;4.11.2&#8243; _module_preset=&#8221;default&#8221;][et_pb_column _builder_version=&#8221;4.11.2&#8243; _module_preset=&#8221;default&#8221; type=&#8221;4_4&#8243;][et_pb_text _builder_version=&#8221;4.11.2&#8243; _module_preset=&#8221;default&#8221; hover_enabled=&#8221;0&#8243; sticky_enabled=&#8221;0&#8243;]<h1>APRESENTA\u00c7\u00c3O<\/h1>\n<p>&nbsp;<\/p>\n<p>As teses que o leitor tem em m\u00e3os come\u00e7aram a ser escritas em meados de 2013 pelo \u00d3rg\u00e3o Central do PCML (Br). Uma reda\u00e7\u00e3o completa desse documento foi apresentada em mar\u00e7o de 2014 ao Comit\u00ea Central do Partido Comunista Marxista &#8211; Leninista (Brasil) e a partir da\u00ed o mesmo foi exaustivamente debatido dentro das fileiras da organiza\u00e7\u00e3o, tendo norteado a Confer\u00eancia Nacional do PCML(Br), realizada em setembro de 2014. Neste encontro, a reda\u00e7\u00e3o final deste documento foi integralmente aprovada.<\/p>\n<p>Tratava-se de interpretar o significado das manifesta\u00e7\u00f5es que ocorriam naquele momento \u00e0 luz da crise do capital, e tamb\u00e9m de desnudar a falsa interpreta\u00e7\u00e3o da m\u00eddia burguesa que foi assumida acriticamente por diversas organiza\u00e7\u00f5es de esquerda e movimentos sociais.<\/p>\n<p>A confus\u00e3o criada pela narrativa midi\u00e1tica com express\u00f5es como \u201ccrise de representa\u00e7\u00e3o pol\u00edtica\u201d, \u201cprimavera tropical\u201d, entre outras, teve o efeito de desarmar os setores populares, ao lan\u00e7ar uma n\u00e9voa sobre o significado real daqueles acontecimentos e sua rela\u00e7\u00e3o com a estrat\u00e9gia imperialista de garantir o fluxo de mais-valia dos pa\u00edses ditos emergentes para os pa\u00edses centrais do sistema capitalista, de forma a salvar esses \u00faltimos do colapso da acumula\u00e7\u00e3o capitalista.<\/p>\n<p>A incapacidade do movimento oper\u00e1rio em geral de identificar corretamente as a\u00e7\u00f5es de seu inimigo de classe e analisar corretamente a situa\u00e7\u00e3o pol\u00edtica internacional e nacional levou ao Golpe de Estado de 2016. Esse epis\u00f3dio tornou ainda mais urgente que este documento fosse apresentado ao p\u00fablico em geral.<\/p>\n<p>Somente agora, em parte decorrente de nossas dificuldades materiais, em parte pela din\u00e2mica dos acontecimentos da conjuntura, a INVERTA Cooperativa publica as Teses sobre a Situa\u00e7\u00e3o Pol\u00edtica Nacional e Internacional. Sem d\u00favida, a sua leitura hoje em muito ajudar\u00e1 na compreens\u00e3o do momento em que nos encontramos e das graves consequ\u00eancias do golpe em andamento. Esperamos assim elevar o debate te\u00f3rico e municiar a classe oper\u00e1ria com<br \/>uma interpreta\u00e7\u00e3o sobre os efeitos e o significado da crise do capital que transcenda o reino das apar\u00eancias e que demonstre uma vez mais que apenas a consci\u00eancia da classe oper\u00e1ria, plasmada em um Partido Comunista Marxista-Leninista, ser\u00e1 capaz de estabelecer os novos paradigmas de transi\u00e7\u00e3o para<br \/>a liberta\u00e7\u00e3o dos grilh\u00f5es e supera\u00e7\u00e3o dos horrores do sistema capitalista.<\/p>\n<p>&nbsp;<\/p>\n<p><strong>Os editores<\/strong><\/p>[\/et_pb_text][\/et_pb_column][\/et_pb_row][\/et_pb_section][et_pb_section fb_built=&#8221;1&#8243; admin_label=&#8221;Video Title Section&#8221; _builder_version=&#8221;4.10.6&#8243; background_color=&#8221;#d40000&#8243; custom_padding=&#8221;120px|0px|60px|0px&#8221; saved_tabs=&#8221;all&#8221; global_colors_info=&#8221;{}&#8221;][\/et_pb_section]\n\n","protected":false},"excerpt":{"rendered":"<p>O Partido Comunista Marxista Leninista (PCML-Br) realizou confer\u00eancia nacional nos dias 26, 27 e 28 de setembro de 2014, no estado do Rio de JaneiroAPRESENTA\u00c7\u00c3O &nbsp; As teses que o leitor tem em m\u00e3os come\u00e7aram a ser escritas em meados de 2013 pelo \u00d3rg\u00e3o Central do PCML (Br). Uma reda\u00e7\u00e3o completa desse documento foi apresentada [&hellip;]<\/p>\n","protected":false},"author":1,"featured_media":0,"parent":0,"menu_order":0,"comment_status":"closed","ping_status":"closed","template":"","meta":{"_et_pb_use_builder":"on","_et_pb_old_content":"","_et_gb_content_width":"","footnotes":""},"class_list":["post-31302","page","type-page","status-publish","hentry"],"_links":{"self":[{"href":"https:\/\/pcml.org.br\/index.php?rest_route=\/wp\/v2\/pages\/31302","targetHints":{"allow":["GET"]}}],"collection":[{"href":"https:\/\/pcml.org.br\/index.php?rest_route=\/wp\/v2\/pages"}],"about":[{"href":"https:\/\/pcml.org.br\/index.php?rest_route=\/wp\/v2\/types\/page"}],"author":[{"embeddable":true,"href":"https:\/\/pcml.org.br\/index.php?rest_route=\/wp\/v2\/users\/1"}],"replies":[{"embeddable":true,"href":"https:\/\/pcml.org.br\/index.php?rest_route=%2Fwp%2Fv2%2Fcomments&post=31302"}],"version-history":[{"count":5,"href":"https:\/\/pcml.org.br\/index.php?rest_route=\/wp\/v2\/pages\/31302\/revisions"}],"predecessor-version":[{"id":31318,"href":"https:\/\/pcml.org.br\/index.php?rest_route=\/wp\/v2\/pages\/31302\/revisions\/31318"}],"wp:attachment":[{"href":"https:\/\/pcml.org.br\/index.php?rest_route=%2Fwp%2Fv2%2Fmedia&parent=31302"}],"curies":[{"name":"wp","href":"https:\/\/api.w.org\/{rel}","templated":true}]}}